{"id":146,"date":"2022-07-02T17:11:35","date_gmt":"2022-07-02T15:11:35","guid":{"rendered":"https:\/\/joseph-em.fr\/?page_id=146"},"modified":"2023-01-25T08:31:22","modified_gmt":"2023-01-25T07:31:22","slug":"acces-refuse","status":"publish","type":"page","link":"https:\/\/joseph-em.fr\/index.php\/acces-refuse\/","title":{"rendered":"Acc\u00e8s refus\u00e9."},"content":{"rendered":"\n<p>Merci de vous connecter pour acc\u00e9der \u00e0 cette page.<\/p>\n\n\n\n<p>Si vous souhaitez cr\u00e9er un compte, n&rsquo;h\u00e9sitez pas \u00e0 me contacter via l&rsquo;onglet \u00ab\u00a0Contact\u00a0\u00bb.<\/p>\n\n\n<div class=\"logged-out wp-block-loginout\"><a href=\"https:\/\/joseph-em.fr\/index.php\/profil\/login\/?redirect_to=https%253A%252F%252Fjoseph-em.fr%252Findex.php%252Fwp-json%252Fwp%252Fv2%252Fpages%252F146\">Connexion<\/a><\/div>","protected":false},"excerpt":{"rendered":"<p>Merci de vous connecter pour acc\u00e9der \u00e0 cette page. Si vous souhaitez cr\u00e9er un compte, n&rsquo;h\u00e9sitez pas \u00e0 me contacter via l&rsquo;onglet \u00ab\u00a0Contact\u00a0\u00bb.<\/p>\n","protected":false},"author":1,"featured_media":0,"parent":0,"menu_order":0,"comment_status":"closed","ping_status":"closed","template":"","meta":{"footnotes":""},"class_list":["post-146","page","type-page","status-publish","hentry"],"_links":{"self":[{"href":"https:\/\/joseph-em.fr\/index.php\/wp-json\/wp\/v2\/pages\/146","targetHints":{"allow":["GET"]}}],"collection":[{"href":"https:\/\/joseph-em.fr\/index.php\/wp-json\/wp\/v2\/pages"}],"about":[{"href":"https:\/\/joseph-em.fr\/index.php\/wp-json\/wp\/v2\/types\/page"}],"author":[{"embeddable":true,"href":"https:\/\/joseph-em.fr\/index.php\/wp-json\/wp\/v2\/users\/1"}],"replies":[{"embeddable":true,"href":"https:\/\/joseph-em.fr\/index.php\/wp-json\/wp\/v2\/comments?post=146"}],"version-history":[{"count":3,"href":"https:\/\/joseph-em.fr\/index.php\/wp-json\/wp\/v2\/pages\/146\/revisions"}],"predecessor-version":[{"id":447,"href":"https:\/\/joseph-em.fr\/index.php\/wp-json\/wp\/v2\/pages\/146\/revisions\/447"}],"wp:attachment":[{"href":"https:\/\/joseph-em.fr\/index.php\/wp-json\/wp\/v2\/media?parent=146"}],"curies":[{"name":"wp","href":"https:\/\/api.w.org\/{rel}","templated":true}]}}