{"id":20,"date":"2022-06-30T18:37:13","date_gmt":"2022-06-30T16:37:13","guid":{"rendered":"https:\/\/joseph-em.gmcrd.fr\/?page_id=20"},"modified":"2025-04-09T19:17:54","modified_gmt":"2025-04-09T17:17:54","slug":"creez-votre-site-avec-des-blocs","status":"publish","type":"page","link":"https:\/\/joseph-em.fr\/","title":{"rendered":"Accueil"},"content":{"rendered":"\n<div class=\"wp-block-columns alignwide are-vertically-aligned-top is-style-twentytwentyone-columns-overlap is-layout-flex wp-container-core-columns-is-layout-28f84493 wp-block-columns-is-layout-flex\">\n<div class=\"wp-block-column is-layout-flow wp-block-column-is-layout-flow\">\n<p class=\"has-large-font-size\">Sur ce site, vous trouverez les documents en lien avec les cours de math\u00e9matiques et d&rsquo;informatique en PSI au lyc\u00e9e Polyvalent Jean Jaur\u00e8s d&rsquo;Argenteuil.  <\/p>\n\n\n\n<p><\/p>\n\n\n\n<p>Que vous soyez \u00e9tudiant, colleur ou enseignant, n&rsquo;h\u00e9sitez pas \u00e0 consulter ces documents.<\/p>\n\n\n\n<p>En cas de probl\u00e8me, contactez-moi via le formulaire de la page <em>Contact<\/em>. Je vous remercie par avance de me signaler tout probl\u00e8me : <\/p>\n\n\n\n<ul class=\"wp-block-list\">\n<li>avec l&rsquo;utilisation de ce site ;<\/li>\n\n\n\n<li>d&rsquo;ordre math\u00e9matique dans un des documents (erreur, typographie, remarque quelconque&#8230;).<\/li>\n<\/ul>\n\n\n\n<p>Enfin, vous pouvez retrouver mes travaux de recherche dans le menu <em>\u00c0 propos<\/em>. Vous pouvez bien entendu me contacter \u00e0 leur sujet.<\/p>\n<\/div>\n<\/div>\n\n\n\n<hr class=\"wp-block-separator has-alpha-channel-opacity is-style-default\"\/>\n\n\n\n<div class=\"wp-block-buttons is-content-justification-center is-layout-flex wp-container-core-buttons-is-layout-a89b3969 wp-block-buttons-is-layout-flex\">\n<div class=\"wp-block-button\"><a class=\"wp-block-button__link wp-element-button\" href=\"https:\/\/cpgejaures.fr\" target=\"_blank\" rel=\"noreferrer noopener\">Site CPGE Jaur\u00e8s<\/a><\/div>\n<\/div>\n\n\n\n<hr class=\"wp-block-separator has-alpha-channel-opacity\"\/>\n\n\n<p><em>\u00ab\u00a0Un syst\u00e8me complet d&rsquo;\u00e9v\u00e8nements qui ne sont pas impossibles forme une partition de l&rsquo;univers.\u00a0\u00bb<\/em><\/p>","protected":false},"excerpt":{"rendered":"<p>Sur ce site, vous trouverez les documents en lien avec les cours de math\u00e9matiques et d&rsquo;informatique en PSI au lyc\u00e9e Polyvalent Jean Jaur\u00e8s d&rsquo;Argenteuil. Que vous soyez \u00e9tudiant, colleur ou enseignant, n&rsquo;h\u00e9sitez pas \u00e0 consulter ces documents. En cas de probl\u00e8me, contactez-moi via le formulaire de la page Contact. Je vous remercie par avance de [&hellip;]<\/p>\n","protected":false},"author":1,"featured_media":0,"parent":0,"menu_order":0,"comment_status":"closed","ping_status":"closed","template":"","meta":{"footnotes":""},"class_list":["post-20","page","type-page","status-publish","hentry"],"_links":{"self":[{"href":"https:\/\/joseph-em.fr\/index.php\/wp-json\/wp\/v2\/pages\/20","targetHints":{"allow":["GET"]}}],"collection":[{"href":"https:\/\/joseph-em.fr\/index.php\/wp-json\/wp\/v2\/pages"}],"about":[{"href":"https:\/\/joseph-em.fr\/index.php\/wp-json\/wp\/v2\/types\/page"}],"author":[{"embeddable":true,"href":"https:\/\/joseph-em.fr\/index.php\/wp-json\/wp\/v2\/users\/1"}],"replies":[{"embeddable":true,"href":"https:\/\/joseph-em.fr\/index.php\/wp-json\/wp\/v2\/comments?post=20"}],"version-history":[{"count":33,"href":"https:\/\/joseph-em.fr\/index.php\/wp-json\/wp\/v2\/pages\/20\/revisions"}],"predecessor-version":[{"id":1555,"href":"https:\/\/joseph-em.fr\/index.php\/wp-json\/wp\/v2\/pages\/20\/revisions\/1555"}],"wp:attachment":[{"href":"https:\/\/joseph-em.fr\/index.php\/wp-json\/wp\/v2\/media?parent=20"}],"curies":[{"name":"wp","href":"https:\/\/api.w.org\/{rel}","templated":true}]}}